{"id":2094,"date":"2024-11-19T22:41:02","date_gmt":"2024-11-19T21:41:02","guid":{"rendered":"https:\/\/sophocles-study.org\/skontaktuj-sie-z-nami\/"},"modified":"2025-10-07T19:23:03","modified_gmt":"2025-10-07T17:23:03","slug":"skontaktuj-sie-z-nami","status":"publish","type":"page","link":"https:\/\/sophocles-study.org\/pl\/skontaktuj-sie-z-nami\/","title":{"rendered":"Kontakt"},"content":{"rendered":"<div class=\"fusion-fullwidth fullwidth-box fusion-builder-row-1 fusion-flex-container has-pattern-background has-mask-background nonhundred-percent-fullwidth non-hundred-percent-height-scrolling\" style=\"--awb-border-radius-top-left:0px;--awb-border-radius-top-right:0px;--awb-border-radius-bottom-right:0px;--awb-border-radius-bottom-left:0px;--awb-padding-top:0px;--awb-padding-right-medium:15%;--awb-padding-left-medium:15%;--awb-padding-right-small:8%;--awb-padding-left-small:8%;--awb-margin-top:50px;--awb-margin-bottom:100px;--awb-margin-top-medium:25px;--awb-margin-bottom-medium:100px;--awb-margin-top-small:0px;--awb-margin-bottom-small:50px;--awb-flex-wrap:wrap;\" ><div class=\"fusion-builder-row fusion-row fusion-flex-align-items-stretch fusion-flex-content-wrap\" style=\"max-width:1456px;margin-left: calc(-4% \/ 2 );margin-right: calc(-4% \/ 2 );\"><div class=\"fusion-layout-column fusion_builder_column fusion-builder-column-0 fusion_builder_column_1_2 1_2 fusion-flex-column small-kein-seitlicher-rand medium-kein-seitlicher-rand\" style=\"--awb-padding-right:100px;--awb-padding-bottom:20px;--awb-padding-top-medium:0px;--awb-padding-right-medium:0px;--awb-padding-bottom-medium:0px;--awb-padding-left-medium:0px;--awb-padding-top-small:0px;--awb-padding-right-small:0px;--awb-padding-bottom-small:0px;--awb-padding-left-small:0px;--awb-bg-size:cover;--awb-border-color:var(--awb-custom_color_2);--awb-border-right:2px;--awb-border-style:solid;--awb-width-large:50%;--awb-margin-top-large:0px;--awb-spacing-right-large:0px;--awb-margin-bottom-large:0px;--awb-spacing-left-large:3.84%;--awb-width-medium:100%;--awb-order-medium:0;--awb-spacing-right-medium:0px;--awb-margin-bottom-medium:75px;--awb-spacing-left-medium:1.92%;--awb-width-small:100%;--awb-order-small:0;--awb-spacing-right-small:1.92%;--awb-margin-bottom-small:50px;--awb-spacing-left-small:1.92%;\" data-scroll-devices=\"small-visibility,medium-visibility,large-visibility\"><div class=\"fusion-column-wrapper fusion-column-has-shadow fusion-flex-justify-content-flex-start fusion-content-layout-column\"><div class=\"fusion-title title fusion-title-1 fusion-sep-none fusion-title-center fusion-title-text fusion-title-size-one\" style=\"--awb-margin-top:0px;--awb-margin-right:0px;--awb-margin-left:0px;--awb-margin-top-small:0px;--awb-margin-right-small:0px;--awb-margin-bottom-small:5px;--awb-margin-left-small:0px;--awb-margin-top-medium:0px;--awb-margin-bottom-medium:10px;\"><h1 class=\"fusion-title-heading title-heading-center\" style=\"margin:0;\">Dla pacjent\u00f3w<\/h1><\/div><div class=\"fusion-separator fusion-no-large-visibility fusion-full-width-sep\" style=\"align-self: center;margin-left: auto;margin-right: auto;flex-grow:1;margin-bottom:20px;width:100%;\"><div class=\"fusion-separator-border sep-single sep-solid\" style=\"--awb-height:20px;--awb-amount:20px;--awb-sep-color:rgba(255,191,122,0.3);border-color:rgba(255,191,122,0.3);border-top-width:3px;\"><\/div><\/div><div class=\"fusion-text fusion-text-1 fusion-text-no-margin\" style=\"--awb-content-alignment:left;\"><p>Czy jeste\u015b zainteresowany udzia\u0142em w badaniu? Nast\u0119pnie porozmawiaj ze swoim zespo\u0142em lekarzy! Czy uczestniczysz ju\u017c w badaniu i masz pytania dotycz\u0105ce badania lub masz w\u0105tpliwo\u015bci natury medycznej? Nast\u0119pnie skontaktuj si\u0119 ze swoim zespo\u0142em terapeutycznym. Nale\u017cy pami\u0119ta\u0107, \u017ce nie jeste\u015bmy upowa\u017cnieni do udzielania jakichkolwiek informacji medycznych. Lekarze w centrum nefrologii dzieci\u0119cej s\u0105 do Twojej dyspozycji i mog\u0105 udzieli\u0107 Ci fachowej porady!<\/p>\n<\/div><div class=\"fusion-separator fusion-full-width-sep\" style=\"align-self: center;margin-left: auto;margin-right: auto;flex-grow:1;width:100%;\"><\/div><div class=\"fusion-image-element \" style=\"--awb-margin-top:30px;--awb-margin-top-medium:40px;--awb-margin-top-small:30px;--awb-caption-title-font-family:var(--h2_typography-font-family);--awb-caption-title-font-weight:var(--h2_typography-font-weight);--awb-caption-title-font-style:var(--h2_typography-font-style);--awb-caption-title-size:var(--h2_typography-font-size);--awb-caption-title-transform:var(--h2_typography-text-transform);--awb-caption-title-line-height:var(--h2_typography-line-height);--awb-caption-title-letter-spacing:var(--h2_typography-letter-spacing);\"><span class=\" fusion-imageframe imageframe-none imageframe-1 hover-type-none\" style=\"border-radius:5px;\"><img decoding=\"async\" width=\"1600\" height=\"900\" title=\"Blutdruckmessgera\u0308t im Studienzentrum\" src=\"https:\/\/sophocles-study.org\/wp-content\/uploads\/2025\/02\/SOPH_BILD_Blutdruckmessgeraet.jpg\" data-orig-src=\"https:\/\/sophocles-study.org\/wp-content\/uploads\/2025\/02\/SOPH_BILD_Blutdruckmessgeraet.jpg\" alt class=\"lazyload img-responsive wp-image-797\" srcset=\"data:image\/svg+xml,%3Csvg%20xmlns%3D%27http%3A%2F%2Fwww.w3.org%2F2000%2Fsvg%27%20width%3D%271600%27%20height%3D%27900%27%20viewBox%3D%270%200%201600%20900%27%3E%3Crect%20width%3D%271600%27%20height%3D%27900%27%20fill-opacity%3D%220%22%2F%3E%3C%2Fsvg%3E\" data-srcset=\"https:\/\/sophocles-study.org\/wp-content\/uploads\/2025\/02\/SOPH_BILD_Blutdruckmessgeraet-200x113.jpg 200w, https:\/\/sophocles-study.org\/wp-content\/uploads\/2025\/02\/SOPH_BILD_Blutdruckmessgeraet-400x225.jpg 400w, https:\/\/sophocles-study.org\/wp-content\/uploads\/2025\/02\/SOPH_BILD_Blutdruckmessgeraet-600x338.jpg 600w, https:\/\/sophocles-study.org\/wp-content\/uploads\/2025\/02\/SOPH_BILD_Blutdruckmessgeraet-800x450.jpg 800w, https:\/\/sophocles-study.org\/wp-content\/uploads\/2025\/02\/SOPH_BILD_Blutdruckmessgeraet-1200x675.jpg 1200w, https:\/\/sophocles-study.org\/wp-content\/uploads\/2025\/02\/SOPH_BILD_Blutdruckmessgeraet.jpg 1600w\" data-sizes=\"auto\" data-orig-sizes=\"(max-width: 767px) 100vw, 600px\" \/><\/span><\/div><\/div><\/div><div class=\"fusion-layout-column fusion_builder_column fusion-builder-column-1 fusion_builder_column_1_2 1_2 fusion-flex-column small-kein-seitlicher-rand medium-kein-seitlicher-rand\" style=\"--awb-padding-bottom:20px;--awb-padding-left:100px;--awb-padding-top-medium:0px;--awb-padding-right-medium:0px;--awb-padding-bottom-medium:0px;--awb-padding-left-medium:0px;--awb-padding-top-small:0px;--awb-padding-right-small:0px;--awb-padding-bottom-small:0px;--awb-padding-left-small:0px;--awb-bg-size:cover;--awb-border-color:var(--awb-custom_color_2);--awb-border-left:3px;--awb-border-style:solid;--awb-width-large:50%;--awb-margin-top-large:0px;--awb-spacing-right-large:3.84%;--awb-margin-bottom-large:0px;--awb-spacing-left-large:0px;--awb-width-medium:100%;--awb-order-medium:0;--awb-spacing-right-medium:1.92%;--awb-spacing-left-medium:0px;--awb-width-small:100%;--awb-order-small:0;--awb-spacing-right-small:1.92%;--awb-spacing-left-small:1.92%;\" data-scroll-devices=\"small-visibility,medium-visibility,large-visibility\"><div class=\"fusion-column-wrapper fusion-column-has-shadow fusion-flex-justify-content-flex-start fusion-content-layout-column\"><div class=\"fusion-title title fusion-title-2 fusion-sep-none fusion-title-center fusion-title-text fusion-title-size-one\" style=\"--awb-margin-top:0px;--awb-margin-right:0px;--awb-margin-left:0px;--awb-margin-top-small:0px;--awb-margin-right-small:0px;--awb-margin-bottom-small:5px;--awb-margin-left-small:0px;--awb-margin-top-medium:0px;--awb-margin-bottom-medium:10px;\"><h1 class=\"fusion-title-heading title-heading-center\" style=\"margin:0;\">Dla wyspecjalizowanego personelu<\/h1><\/div><div class=\"fusion-separator fusion-no-large-visibility fusion-full-width-sep\" style=\"align-self: center;margin-left: auto;margin-right: auto;flex-grow:1;margin-bottom:20px;width:100%;\"><div class=\"fusion-separator-border sep-single sep-solid\" style=\"--awb-height:20px;--awb-amount:20px;--awb-sep-color:rgba(255,191,122,0.3);border-color:rgba(255,191,122,0.3);border-top-width:3px;\"><\/div><\/div><div class=\"fusion-text fusion-text-2 fusion-text-no-margin\" style=\"--awb-content-alignment:left;\"><p>Sind Sie Mitarbeiter:in eines kindernephrologischen Zentrums und m\u00f6chten als Studienzentrum teilnehmen? Czy masz jakie\u015b pytania techniczne dotycz\u0105ce badania? <\/p>\n<p>Nast\u0119pnie wy\u015blij nam wiadomo\u015b\u0107 e-mail na adres: <a href=\"m&#97;&#x69;&#x6c;t&#111;&#58;&#x73;&#x6f;p&#104;&#111;&#x63;&#x6c;e&#115;&#x40;&#x6d;&#x68;-&#104;&#x61;&#x6e;n&#111;&#118;&#x65;&#x72;&#46;&#100;&#101;\">&#x73;&#111;&#112;h&#x6f;&#x63;&#108;e&#x73;&#x40;&#109;h&#x2d;&#x68;&#97;n&#x6e;&#x6f;&#118;e&#x72;&#x2e;&#100;e.<\/a> Z centrum badawczym mo\u017cna r\u00f3wnie\u017c skontaktowa\u0107 si\u0119 telefonicznie pod numerem +49 511 532-9794.<\/p>\n<\/div><div class=\"fusion-separator fusion-full-width-sep\" style=\"align-self: center;margin-left: auto;margin-right: auto;flex-grow:1;width:100%;\"><\/div><div class=\"fusion-image-element \" style=\"--awb-margin-top:30px;--awb-margin-top-medium:40px;--awb-margin-top-small:30px;--awb-caption-title-font-family:var(--h2_typography-font-family);--awb-caption-title-font-weight:var(--h2_typography-font-weight);--awb-caption-title-font-style:var(--h2_typography-font-style);--awb-caption-title-size:var(--h2_typography-font-size);--awb-caption-title-transform:var(--h2_typography-text-transform);--awb-caption-title-line-height:var(--h2_typography-line-height);--awb-caption-title-letter-spacing:var(--h2_typography-letter-spacing);\"><span class=\" fusion-imageframe imageframe-none imageframe-2 hover-type-none\" style=\"border-radius:5px;\"><img decoding=\"async\" width=\"1600\" height=\"900\" title=\"Ultraschalluntersuchung im Studienzentrum Hannover\" src=\"https:\/\/sophocles-study.org\/wp-content\/uploads\/2025\/02\/SOPH_BILD_Ultraschall-von-hinten.jpg\" data-orig-src=\"https:\/\/sophocles-study.org\/wp-content\/uploads\/2025\/02\/SOPH_BILD_Ultraschall-von-hinten.jpg\" alt class=\"lazyload img-responsive wp-image-799\" srcset=\"data:image\/svg+xml,%3Csvg%20xmlns%3D%27http%3A%2F%2Fwww.w3.org%2F2000%2Fsvg%27%20width%3D%271600%27%20height%3D%27900%27%20viewBox%3D%270%200%201600%20900%27%3E%3Crect%20width%3D%271600%27%20height%3D%27900%27%20fill-opacity%3D%220%22%2F%3E%3C%2Fsvg%3E\" data-srcset=\"https:\/\/sophocles-study.org\/wp-content\/uploads\/2025\/02\/SOPH_BILD_Ultraschall-von-hinten-200x113.jpg 200w, https:\/\/sophocles-study.org\/wp-content\/uploads\/2025\/02\/SOPH_BILD_Ultraschall-von-hinten-400x225.jpg 400w, https:\/\/sophocles-study.org\/wp-content\/uploads\/2025\/02\/SOPH_BILD_Ultraschall-von-hinten-600x338.jpg 600w, https:\/\/sophocles-study.org\/wp-content\/uploads\/2025\/02\/SOPH_BILD_Ultraschall-von-hinten-800x450.jpg 800w, https:\/\/sophocles-study.org\/wp-content\/uploads\/2025\/02\/SOPH_BILD_Ultraschall-von-hinten-1200x675.jpg 1200w, https:\/\/sophocles-study.org\/wp-content\/uploads\/2025\/02\/SOPH_BILD_Ultraschall-von-hinten.jpg 1600w\" data-sizes=\"auto\" data-orig-sizes=\"(max-width: 767px) 100vw, 600px\" \/><\/span><\/div><\/div><\/div><\/div><\/div>\n","protected":false},"excerpt":{"rendered":"","protected":false},"author":1,"featured_media":0,"parent":0,"menu_order":500,"comment_status":"closed","ping_status":"closed","template":"100-width.php","meta":{"_acf_changed":false,"footnotes":""},"class_list":["post-2094","page","type-page","status-publish","hentry"],"acf":[],"_links":{"self":[{"href":"https:\/\/sophocles-study.org\/pl\/wp-json\/wp\/v2\/pages\/2094","targetHints":{"allow":["GET"]}}],"collection":[{"href":"https:\/\/sophocles-study.org\/pl\/wp-json\/wp\/v2\/pages"}],"about":[{"href":"https:\/\/sophocles-study.org\/pl\/wp-json\/wp\/v2\/types\/page"}],"author":[{"embeddable":true,"href":"https:\/\/sophocles-study.org\/pl\/wp-json\/wp\/v2\/users\/1"}],"replies":[{"embeddable":true,"href":"https:\/\/sophocles-study.org\/pl\/wp-json\/wp\/v2\/comments?post=2094"}],"version-history":[{"count":5,"href":"https:\/\/sophocles-study.org\/pl\/wp-json\/wp\/v2\/pages\/2094\/revisions"}],"predecessor-version":[{"id":2103,"href":"https:\/\/sophocles-study.org\/pl\/wp-json\/wp\/v2\/pages\/2094\/revisions\/2103"}],"wp:attachment":[{"href":"https:\/\/sophocles-study.org\/pl\/wp-json\/wp\/v2\/media?parent=2094"}],"curies":[{"name":"wp","href":"https:\/\/api.w.org\/{rel}","templated":true}]}}